{"id":282,"date":"2023-06-19T14:02:41","date_gmt":"2023-06-19T14:02:41","guid":{"rendered":"http:\/\/mh-bauunternehmen.de\/?page_id=282"},"modified":"2023-06-25T19:30:30","modified_gmt":"2023-06-25T19:30:30","slug":"neubausanierung","status":"publish","type":"page","link":"https:\/\/mh-bauunternehmen.de\/?page_id=282","title":{"rendered":"Neubau&#038;Sanierung"},"content":{"rendered":"\n<div class=\"wp-block-uagb-container uagb-block-9f0a7f59 alignfull uagb-is-root-container\"><div class=\"uagb-container-inner-blocks-wrap\"><\/div><\/div>\n\n\n\n<div class=\"wp-block-uagb-container uagb-block-2fab0cd0 alignfull uagb-is-root-container\"><div class=\"uagb-container-inner-blocks-wrap\">\n<div class=\"wp-block-uagb-container uagb-block-361c487c\"><\/div>\n<\/div><\/div>\n\n\n\n<h2 class=\"wp-block-heading\"><br>Neubau &amp; Sanierung<br><\/h2>\n\n\n\n<p class=\"has-medium-font-size\">Unsere Referenzen aus den Bereichen Neubau und Sanierung stehen f\u00fcr den Erfolg unserer Arbeit .<\/p>\n\n\n\n<p class=\"has-medium-font-size\">Ob Einfamilienhaus, Mehrfamilienhaus oder Gewerbeobjekt, wir realisieren Ihre Bauvorhaben nach Ihren W\u00fcnschen und Anforderungen. Wir bieten Ihnen eine kompetente Beratung, eine qualitativ hochwertige Ausf\u00fchrung und einen zuverl\u00e4ssigen Service.<\/p>\n\n\n\n<p class=\"has-medium-font-size\">Verschaffen Sie sich einen Eindruck von unseren bisherigen Projekten . Aus alten Geb\u00e4uden schaffen wir moderne und komfortable Wohn- und Arbeitsr\u00e4ume und planen und errichten neue Geb\u00e4ude , die sich harmonisch in die Umgebung einf\u00fcgen.<\/p>\n\n\n\n<p class=\"has-medium-font-size\">Lassen Sie sich inspirieren von unserer Projektgalerie und kontaktieren Sie uns f\u00fcr Ihr individuelles Angebot. Wir freuen uns auf Ihre Anfrage!<\/p>\n\n\n\n<figure class=\"wp-block-gallery has-nested-images columns-default is-cropped wp-block-gallery-1 is-layout-flex\">\n<figure class=\"wp-block-image size-large\"><img decoding=\"async\" loading=\"lazy\" width=\"768\" height=\"1024\" data-id=\"286\"  src=\"http:\/\/mh-bauunternehmen.de\/wp-content\/uploads\/2023\/06\/fundamentlsteine-2-768x1024.jpg\" alt=\"\" class=\"wp-image-286\" srcset=\"https:\/\/mh-bauunternehmen.de\/wp-content\/uploads\/2023\/06\/fundamentlsteine-2-768x1024.jpg 768w, https:\/\/mh-bauunternehmen.de\/wp-content\/uploads\/2023\/06\/fundamentlsteine-2-225x300.jpg 225w, https:\/\/mh-bauunternehmen.de\/wp-content\/uploads\/2023\/06\/fundamentlsteine-2-1152x1536.jpg 1152w, https:\/\/mh-bauunternehmen.de\/wp-content\/uploads\/2023\/06\/fundamentlsteine-2.jpg 1200w\" sizes=\"(max-width: 768px) 100vw, 768px\" \/><\/figure>\n\n\n\n<figure class=\"wp-block-image size-large\"><img decoding=\"async\" loading=\"lazy\" width=\"768\" height=\"1024\" data-id=\"295\"  src=\"http:\/\/mh-bauunternehmen.de\/wp-content\/uploads\/2023\/06\/fundamentlsteine-768x1024.jpg\" alt=\"\" class=\"wp-image-295\" srcset=\"https:\/\/mh-bauunternehmen.de\/wp-content\/uploads\/2023\/06\/fundamentlsteine-768x1024.jpg 768w, https:\/\/mh-bauunternehmen.de\/wp-content\/uploads\/2023\/06\/fundamentlsteine-225x300.jpg 225w, https:\/\/mh-bauunternehmen.de\/wp-content\/uploads\/2023\/06\/fundamentlsteine-1152x1536.jpg 1152w, https:\/\/mh-bauunternehmen.de\/wp-content\/uploads\/2023\/06\/fundamentlsteine.jpg 1200w\" sizes=\"(max-width: 768px) 100vw, 768px\" \/><\/figure>\n\n\n\n<figure class=\"wp-block-image size-large\"><img decoding=\"async\" loading=\"lazy\" width=\"768\" height=\"1024\" data-id=\"293\"  src=\"http:\/\/mh-bauunternehmen.de\/wp-content\/uploads\/2023\/06\/fundamentlsteine2-768x1024.jpg\" alt=\"\" class=\"wp-image-293\" srcset=\"https:\/\/mh-bauunternehmen.de\/wp-content\/uploads\/2023\/06\/fundamentlsteine2-768x1024.jpg 768w, https:\/\/mh-bauunternehmen.de\/wp-content\/uploads\/2023\/06\/fundamentlsteine2-225x300.jpg 225w, https:\/\/mh-bauunternehmen.de\/wp-content\/uploads\/2023\/06\/fundamentlsteine2-1152x1536.jpg 1152w, https:\/\/mh-bauunternehmen.de\/wp-content\/uploads\/2023\/06\/fundamentlsteine2.jpg 1200w\" sizes=\"(max-width: 768px) 100vw, 768px\" \/><\/figure>\n\n\n\n<figure class=\"wp-block-image size-large\"><img decoding=\"async\" loading=\"lazy\" width=\"768\" height=\"1024\" data-id=\"294\"  src=\"http:\/\/mh-bauunternehmen.de\/wp-content\/uploads\/2023\/06\/fundamentlsteineneubau1-768x1024.jpg\" alt=\"\" class=\"wp-image-294\" srcset=\"https:\/\/mh-bauunternehmen.de\/wp-content\/uploads\/2023\/06\/fundamentlsteineneubau1-768x1024.jpg 768w, https:\/\/mh-bauunternehmen.de\/wp-content\/uploads\/2023\/06\/fundamentlsteineneubau1-225x300.jpg 225w, https:\/\/mh-bauunternehmen.de\/wp-content\/uploads\/2023\/06\/fundamentlsteineneubau1-1152x1536.jpg 1152w, https:\/\/mh-bauunternehmen.de\/wp-content\/uploads\/2023\/06\/fundamentlsteineneubau1.jpg 1200w\" sizes=\"(max-width: 768px) 100vw, 768px\" \/><\/figure>\n\n\n\n<figure class=\"wp-block-image size-large\"><img decoding=\"async\" loading=\"lazy\" width=\"768\" height=\"1024\" data-id=\"287\"  src=\"http:\/\/mh-bauunternehmen.de\/wp-content\/uploads\/2023\/06\/fundamentneubau2lsteine-768x1024.jpg\" alt=\"\" class=\"wp-image-287\" srcset=\"https:\/\/mh-bauunternehmen.de\/wp-content\/uploads\/2023\/06\/fundamentneubau2lsteine-768x1024.jpg 768w, https:\/\/mh-bauunternehmen.de\/wp-content\/uploads\/2023\/06\/fundamentneubau2lsteine-225x300.jpg 225w, https:\/\/mh-bauunternehmen.de\/wp-content\/uploads\/2023\/06\/fundamentneubau2lsteine-1152x1536.jpg 1152w, https:\/\/mh-bauunternehmen.de\/wp-content\/uploads\/2023\/06\/fundamentneubau2lsteine.jpg 1200w\" sizes=\"(max-width: 768px) 100vw, 768px\" \/><\/figure>\n\n\n\n<figure class=\"wp-block-image size-large\"><img decoding=\"async\" loading=\"lazy\" width=\"768\" height=\"1024\" data-id=\"291\"  src=\"http:\/\/mh-bauunternehmen.de\/wp-content\/uploads\/2023\/06\/fundamentneubauhalle-768x1024.jpg\" alt=\"\" class=\"wp-image-291\" srcset=\"https:\/\/mh-bauunternehmen.de\/wp-content\/uploads\/2023\/06\/fundamentneubauhalle-768x1024.jpg 768w, https:\/\/mh-bauunternehmen.de\/wp-content\/uploads\/2023\/06\/fundamentneubauhalle-225x300.jpg 225w, https:\/\/mh-bauunternehmen.de\/wp-content\/uploads\/2023\/06\/fundamentneubauhalle-1152x1536.jpg 1152w, https:\/\/mh-bauunternehmen.de\/wp-content\/uploads\/2023\/06\/fundamentneubauhalle.jpg 1512w\" sizes=\"(max-width: 768px) 100vw, 768px\" \/><\/figure>\n\n\n\n<figure class=\"wp-block-image size-large\"><img decoding=\"async\" loading=\"lazy\" width=\"768\" height=\"1024\" data-id=\"288\"  src=\"http:\/\/mh-bauunternehmen.de\/wp-content\/uploads\/2023\/06\/lfundamentlsteine-768x1024.jpg\" alt=\"\" class=\"wp-image-288\" srcset=\"https:\/\/mh-bauunternehmen.de\/wp-content\/uploads\/2023\/06\/lfundamentlsteine-768x1024.jpg 768w, https:\/\/mh-bauunternehmen.de\/wp-content\/uploads\/2023\/06\/lfundamentlsteine-225x300.jpg 225w, https:\/\/mh-bauunternehmen.de\/wp-content\/uploads\/2023\/06\/lfundamentlsteine-1152x1536.jpg 1152w, https:\/\/mh-bauunternehmen.de\/wp-content\/uploads\/2023\/06\/lfundamentlsteine.jpg 1200w\" sizes=\"(max-width: 768px) 100vw, 768px\" \/><\/figure>\n\n\n\n<figure class=\"wp-block-image size-large\"><img decoding=\"async\" loading=\"lazy\" width=\"760\" height=\"1024\" data-id=\"289\"  src=\"http:\/\/mh-bauunternehmen.de\/wp-content\/uploads\/2023\/06\/neubaubodenplatte-760x1024.jpg\" alt=\"\" class=\"wp-image-289\" srcset=\"https:\/\/mh-bauunternehmen.de\/wp-content\/uploads\/2023\/06\/neubaubodenplatte-760x1024.jpg 760w, https:\/\/mh-bauunternehmen.de\/wp-content\/uploads\/2023\/06\/neubaubodenplatte-223x300.jpg 223w, https:\/\/mh-bauunternehmen.de\/wp-content\/uploads\/2023\/06\/neubaubodenplatte-768x1035.jpg 768w, https:\/\/mh-bauunternehmen.de\/wp-content\/uploads\/2023\/06\/neubaubodenplatte-1139x1536.jpg 1139w, https:\/\/mh-bauunternehmen.de\/wp-content\/uploads\/2023\/06\/neubaubodenplatte.jpg 1186w\" sizes=\"(max-width: 760px) 100vw, 760px\" \/><\/figure>\n\n\n\n<figure class=\"wp-block-image size-large\"><img decoding=\"async\" loading=\"lazy\" width=\"760\" height=\"1024\" data-id=\"290\"  src=\"http:\/\/mh-bauunternehmen.de\/wp-content\/uploads\/2023\/06\/neubaubodenplatte2-1-760x1024.jpg\" alt=\"\" class=\"wp-image-290\" srcset=\"https:\/\/mh-bauunternehmen.de\/wp-content\/uploads\/2023\/06\/neubaubodenplatte2-1-760x1024.jpg 760w, https:\/\/mh-bauunternehmen.de\/wp-content\/uploads\/2023\/06\/neubaubodenplatte2-1-223x300.jpg 223w, https:\/\/mh-bauunternehmen.de\/wp-content\/uploads\/2023\/06\/neubaubodenplatte2-1-768x1035.jpg 768w, https:\/\/mh-bauunternehmen.de\/wp-content\/uploads\/2023\/06\/neubaubodenplatte2-1-1139x1536.jpg 1139w, https:\/\/mh-bauunternehmen.de\/wp-content\/uploads\/2023\/06\/neubaubodenplatte2-1.jpg 1186w\" sizes=\"(max-width: 760px) 100vw, 760px\" \/><\/figure>\n\n\n\n<figure class=\"wp-block-image size-large\"><img decoding=\"async\" loading=\"lazy\" width=\"768\" height=\"1024\" data-id=\"292\"  src=\"http:\/\/mh-bauunternehmen.de\/wp-content\/uploads\/2023\/06\/teilabriss-und-sanierung-3-768x1024.jpg\" alt=\"\" class=\"wp-image-292\" srcset=\"https:\/\/mh-bauunternehmen.de\/wp-content\/uploads\/2023\/06\/teilabriss-und-sanierung-3-768x1024.jpg 768w, https:\/\/mh-bauunternehmen.de\/wp-content\/uploads\/2023\/06\/teilabriss-und-sanierung-3-225x300.jpg 225w, https:\/\/mh-bauunternehmen.de\/wp-content\/uploads\/2023\/06\/teilabriss-und-sanierung-3-1152x1536.jpg 1152w, https:\/\/mh-bauunternehmen.de\/wp-content\/uploads\/2023\/06\/teilabriss-und-sanierung-3.jpg 1200w\" sizes=\"(max-width: 768px) 100vw, 768px\" \/><\/figure>\n\n\n\n<figure class=\"wp-block-image size-large\"><img decoding=\"async\" loading=\"lazy\" width=\"768\" height=\"1024\" data-id=\"296\"  src=\"http:\/\/mh-bauunternehmen.de\/wp-content\/uploads\/2023\/06\/teilabrissarbeitensanierung-768x1024.jpg\" alt=\"\" class=\"wp-image-296\" srcset=\"https:\/\/mh-bauunternehmen.de\/wp-content\/uploads\/2023\/06\/teilabrissarbeitensanierung-768x1024.jpg 768w, https:\/\/mh-bauunternehmen.de\/wp-content\/uploads\/2023\/06\/teilabrissarbeitensanierung-225x300.jpg 225w, https:\/\/mh-bauunternehmen.de\/wp-content\/uploads\/2023\/06\/teilabrissarbeitensanierung-1152x1536.jpg 1152w, https:\/\/mh-bauunternehmen.de\/wp-content\/uploads\/2023\/06\/teilabrissarbeitensanierung.jpg 1200w\" sizes=\"(max-width: 768px) 100vw, 768px\" \/><\/figure>\n\n\n\n<figure class=\"wp-block-image size-large\"><img decoding=\"async\" loading=\"lazy\" width=\"768\" height=\"1024\" data-id=\"297\"  src=\"http:\/\/mh-bauunternehmen.de\/wp-content\/uploads\/2023\/06\/teilabrissundsanierung2-768x1024.jpg\" alt=\"\" class=\"wp-image-297\" srcset=\"https:\/\/mh-bauunternehmen.de\/wp-content\/uploads\/2023\/06\/teilabrissundsanierung2-768x1024.jpg 768w, https:\/\/mh-bauunternehmen.de\/wp-content\/uploads\/2023\/06\/teilabrissundsanierung2-225x300.jpg 225w, https:\/\/mh-bauunternehmen.de\/wp-content\/uploads\/2023\/06\/teilabrissundsanierung2-1152x1536.jpg 1152w, https:\/\/mh-bauunternehmen.de\/wp-content\/uploads\/2023\/06\/teilabrissundsanierung2.jpg 1200w\" sizes=\"(max-width: 768px) 100vw, 768px\" \/><\/figure>\n\n\n\n<figure class=\"wp-block-image size-large\"><img decoding=\"async\" loading=\"lazy\" width=\"768\" height=\"1024\" data-id=\"298\"  src=\"http:\/\/mh-bauunternehmen.de\/wp-content\/uploads\/2023\/06\/teilabrissundsanierung4-768x1024.jpg\" alt=\"\" class=\"wp-image-298\" srcset=\"https:\/\/mh-bauunternehmen.de\/wp-content\/uploads\/2023\/06\/teilabrissundsanierung4-768x1024.jpg 768w, https:\/\/mh-bauunternehmen.de\/wp-content\/uploads\/2023\/06\/teilabrissundsanierung4-225x300.jpg 225w, https:\/\/mh-bauunternehmen.de\/wp-content\/uploads\/2023\/06\/teilabrissundsanierung4-1152x1536.jpg 1152w, https:\/\/mh-bauunternehmen.de\/wp-content\/uploads\/2023\/06\/teilabrissundsanierung4.jpg 1200w\" sizes=\"(max-width: 768px) 100vw, 768px\" \/><\/figure>\n\n\n\n<figure class=\"wp-block-image size-large\"><img decoding=\"async\" loading=\"lazy\" width=\"768\" height=\"1024\" data-id=\"299\"  src=\"http:\/\/mh-bauunternehmen.de\/wp-content\/uploads\/2023\/06\/vorbereitung-fundament-bodenplatte-768x1024.jpg\" alt=\"\" class=\"wp-image-299\" srcset=\"https:\/\/mh-bauunternehmen.de\/wp-content\/uploads\/2023\/06\/vorbereitung-fundament-bodenplatte-768x1024.jpg 768w, https:\/\/mh-bauunternehmen.de\/wp-content\/uploads\/2023\/06\/vorbereitung-fundament-bodenplatte-225x300.jpg 225w, https:\/\/mh-bauunternehmen.de\/wp-content\/uploads\/2023\/06\/vorbereitung-fundament-bodenplatte-1152x1536.jpg 1152w, https:\/\/mh-bauunternehmen.de\/wp-content\/uploads\/2023\/06\/vorbereitung-fundament-bodenplatte.jpg 1200w\" sizes=\"(max-width: 768px) 100vw, 768px\" \/><\/figure>\n<\/figure>\n\n\n\n<div class=\"wp-block-uagb-call-to-action uagb-block-153f7d72 wp-block-button\"><div class=\"uagb-cta__wrap\"><h3 class=\"uagb-cta__title\">Unsere Referenzen \u00fcberzeugen<\/h3><p class=\"uagb-cta__desc\">Gerne zeigen wir Ihnen mehr unserer Projekte in unserer \u00dcbersicht.<\/p><\/div><div class=\"uagb-cta__buttons\"><a href=\"http:\/\/mh-bauunternehmen.de\/?page_id=35\" class=\"uagb-cta__button-link-wrapper wp-block-button__link\" target=\"_self\" rel=\"noopener noreferrer\">Weiterlesen<\/a><\/div><\/div>\n","protected":false},"excerpt":{"rendered":"<p>Neubau &amp; Sanierung Unsere Referenzen aus den Bereichen Neubau und Sanierung stehen f\u00fcr den Erfolg unserer Arbeit . Ob Einfamilienhaus, Mehrfamilienhaus oder Gewerbeobjekt, wir realisieren Ihre Bauvorhaben nach Ihren W\u00fcnschen und Anforderungen. Wir bieten Ihnen eine kompetente Beratung, eine qualitativ hochwertige Ausf\u00fchrung und einen zuverl\u00e4ssigen Service. Verschaffen Sie sich einen Eindruck von unseren bisherigen Projekten &hellip;<\/p>\n<p class=\"read-more\"> <a class=\"\" href=\"https:\/\/mh-bauunternehmen.de\/?page_id=282\"> <span class=\"screen-reader-text\">Neubau&#038;Sanierung<\/span> Weiterlesen &raquo;<\/a><\/p>\n","protected":false},"author":1,"featured_media":0,"parent":0,"menu_order":0,"comment_status":"closed","ping_status":"closed","template":"","meta":{"_uag_custom_page_level_css":"","site-sidebar-layout":"default","site-content-layout":"default","ast-global-header-display":"","ast-banner-title-visibility":"","ast-main-header-display":"","ast-hfb-above-header-display":"","ast-hfb-below-header-display":"","ast-hfb-mobile-header-display":"","site-post-title":"disabled","ast-breadcrumbs-content":"","ast-featured-img":"","footer-sml-layout":"","theme-transparent-header-meta":"","adv-header-id-meta":"","stick-header-meta":"","header-above-stick-meta":"","header-main-stick-meta":"","header-below-stick-meta":""},"uagb_featured_image_src":{"full":false,"thumbnail":false,"medium":false,"medium_large":false,"large":false,"1536x1536":false,"2048x2048":false},"uagb_author_info":{"display_name":"admin","author_link":"https:\/\/mh-bauunternehmen.de\/?author=1"},"uagb_comment_info":0,"uagb_excerpt":"Neubau &amp; Sanierung Unsere Referenzen aus den Bereichen Neubau und Sanierung stehen f\u00fcr den Erfolg unserer Arbeit . Ob Einfamilienhaus, Mehrfamilienhaus oder Gewerbeobjekt, wir realisieren Ihre Bauvorhaben nach Ihren W\u00fcnschen und Anforderungen. Wir bieten Ihnen eine kompetente Beratung, eine qualitativ hochwertige Ausf\u00fchrung und einen zuverl\u00e4ssigen Service. Verschaffen Sie sich einen Eindruck von unseren bisherigen Projekten&hellip;","_links":{"self":[{"href":"https:\/\/mh-bauunternehmen.de\/index.php?rest_route=\/wp\/v2\/pages\/282"}],"collection":[{"href":"https:\/\/mh-bauunternehmen.de\/index.php?rest_route=\/wp\/v2\/pages"}],"about":[{"href":"https:\/\/mh-bauunternehmen.de\/index.php?rest_route=\/wp\/v2\/types\/page"}],"author":[{"embeddable":true,"href":"https:\/\/mh-bauunternehmen.de\/index.php?rest_route=\/wp\/v2\/users\/1"}],"replies":[{"embeddable":true,"href":"https:\/\/mh-bauunternehmen.de\/index.php?rest_route=%2Fwp%2Fv2%2Fcomments&post=282"}],"version-history":[{"count":5,"href":"https:\/\/mh-bauunternehmen.de\/index.php?rest_route=\/wp\/v2\/pages\/282\/revisions"}],"predecessor-version":[{"id":382,"href":"https:\/\/mh-bauunternehmen.de\/index.php?rest_route=\/wp\/v2\/pages\/282\/revisions\/382"}],"wp:attachment":[{"href":"https:\/\/mh-bauunternehmen.de\/index.php?rest_route=%2Fwp%2Fv2%2Fmedia&parent=282"}],"curies":[{"name":"wp","href":"https:\/\/api.w.org\/{rel}","templated":true}]}}