{"id":268,"date":"2023-06-19T13:45:12","date_gmt":"2023-06-19T13:45:12","guid":{"rendered":"http:\/\/mh-bauunternehmen.de\/?page_id=268"},"modified":"2023-06-25T19:28:13","modified_gmt":"2023-06-25T19:28:13","slug":"aussenanlage","status":"publish","type":"page","link":"https:\/\/mh-bauunternehmen.de\/?page_id=268","title":{"rendered":"Au\u00dfenanlage"},"content":{"rendered":"\n<div class=\"wp-block-uagb-container uagb-block-40948a54 alignfull uagb-is-root-container\"><div class=\"uagb-container-inner-blocks-wrap\"><\/div><\/div>\n\n\n\n<div class=\"wp-block-uagb-container uagb-block-74f3290e alignfull uagb-is-root-container\"><div class=\"uagb-container-inner-blocks-wrap\">\n<div class=\"wp-block-uagb-container uagb-block-c7ccad79\"><\/div>\n<\/div><\/div>\n\n\n\n<h2 class=\"wp-block-heading\">Au\u00dfenanlagen<\/h2>\n\n\n\n<p><\/p>\n\n\n\n<p class=\"has-medium-font-size\">Hier sehen Sie eine Auswahl von uns realisierter Au\u00dfenanlagen. <\/p>\n\n\n\n<p class=\"has-medium-font-size\"><br>Ob formvollendeter Naturschwimm- oder Koiteich, stilvolle Gartenanlage, privates Schwimmbad, ins Gel\u00e4nde integrierte Terrassenanlage oder in Naturstein gemauerte in Stahl eingefasste Au\u00dfentreppe wir unterst\u00fctzen Sie professionell bei der Umsetzung Ihrer Ideen und beraten Sie gerne.<\/p>\n\n\n\n<figure class=\"wp-block-gallery has-nested-images columns-default is-cropped wp-block-gallery-1 is-layout-flex\">\n<figure class=\"wp-block-image size-large\"><img decoding=\"async\" loading=\"lazy\" width=\"768\" height=\"1024\" data-id=\"272\"  src=\"http:\/\/mh-bauunternehmen.de\/wp-content\/uploads\/2023\/06\/aussenanlageschwimmteich-768x1024.jpg\" alt=\"\" class=\"wp-image-272\" srcset=\"https:\/\/mh-bauunternehmen.de\/wp-content\/uploads\/2023\/06\/aussenanlageschwimmteich-768x1024.jpg 768w, https:\/\/mh-bauunternehmen.de\/wp-content\/uploads\/2023\/06\/aussenanlageschwimmteich-225x300.jpg 225w, https:\/\/mh-bauunternehmen.de\/wp-content\/uploads\/2023\/06\/aussenanlageschwimmteich-1152x1536.jpg 1152w, https:\/\/mh-bauunternehmen.de\/wp-content\/uploads\/2023\/06\/aussenanlageschwimmteich.jpg 1200w\" sizes=\"(max-width: 768px) 100vw, 768px\" \/><\/figure>\n\n\n\n<figure class=\"wp-block-image size-large\"><img decoding=\"async\" loading=\"lazy\" width=\"768\" height=\"1024\" data-id=\"275\"  src=\"http:\/\/mh-bauunternehmen.de\/wp-content\/uploads\/2023\/06\/aussenanlagesitzecke-3-768x1024.jpg\" alt=\"\" class=\"wp-image-275\" srcset=\"https:\/\/mh-bauunternehmen.de\/wp-content\/uploads\/2023\/06\/aussenanlagesitzecke-3-768x1024.jpg 768w, https:\/\/mh-bauunternehmen.de\/wp-content\/uploads\/2023\/06\/aussenanlagesitzecke-3-225x300.jpg 225w, https:\/\/mh-bauunternehmen.de\/wp-content\/uploads\/2023\/06\/aussenanlagesitzecke-3-1152x1536.jpg 1152w, https:\/\/mh-bauunternehmen.de\/wp-content\/uploads\/2023\/06\/aussenanlagesitzecke-3.jpg 1200w\" sizes=\"(max-width: 768px) 100vw, 768px\" \/><\/figure>\n\n\n\n<figure class=\"wp-block-image size-large\"><img decoding=\"async\" loading=\"lazy\" width=\"768\" height=\"1024\" data-id=\"273\"  src=\"http:\/\/mh-bauunternehmen.de\/wp-content\/uploads\/2023\/06\/schwimmbadbau2-1-768x1024.jpg\" alt=\"\" class=\"wp-image-273\" srcset=\"https:\/\/mh-bauunternehmen.de\/wp-content\/uploads\/2023\/06\/schwimmbadbau2-1-768x1024.jpg 768w, https:\/\/mh-bauunternehmen.de\/wp-content\/uploads\/2023\/06\/schwimmbadbau2-1-225x300.jpg 225w, https:\/\/mh-bauunternehmen.de\/wp-content\/uploads\/2023\/06\/schwimmbadbau2-1-1152x1536.jpg 1152w, https:\/\/mh-bauunternehmen.de\/wp-content\/uploads\/2023\/06\/schwimmbadbau2-1.jpg 1200w\" sizes=\"(max-width: 768px) 100vw, 768px\" \/><\/figure>\n\n\n\n<figure class=\"wp-block-image size-large\"><img decoding=\"async\" loading=\"lazy\" width=\"760\" height=\"1024\" data-id=\"274\"  src=\"http:\/\/mh-bauunternehmen.de\/wp-content\/uploads\/2023\/06\/terasse-760x1024.jpg\" alt=\"\" class=\"wp-image-274\" srcset=\"https:\/\/mh-bauunternehmen.de\/wp-content\/uploads\/2023\/06\/terasse-760x1024.jpg 760w, https:\/\/mh-bauunternehmen.de\/wp-content\/uploads\/2023\/06\/terasse-223x300.jpg 223w, https:\/\/mh-bauunternehmen.de\/wp-content\/uploads\/2023\/06\/terasse-768x1035.jpg 768w, https:\/\/mh-bauunternehmen.de\/wp-content\/uploads\/2023\/06\/terasse-1139x1536.jpg 1139w, https:\/\/mh-bauunternehmen.de\/wp-content\/uploads\/2023\/06\/terasse.jpg 1186w\" sizes=\"(max-width: 760px) 100vw, 760px\" \/><\/figure>\n\n\n\n<figure class=\"wp-block-image size-large\"><img decoding=\"async\" loading=\"lazy\" width=\"768\" height=\"1024\" data-id=\"276\"  src=\"http:\/\/mh-bauunternehmen.de\/wp-content\/uploads\/2023\/06\/treppe-768x1024.jpg\" alt=\"\" class=\"wp-image-276\" srcset=\"https:\/\/mh-bauunternehmen.de\/wp-content\/uploads\/2023\/06\/treppe-768x1024.jpg 768w, https:\/\/mh-bauunternehmen.de\/wp-content\/uploads\/2023\/06\/treppe-225x300.jpg 225w, https:\/\/mh-bauunternehmen.de\/wp-content\/uploads\/2023\/06\/treppe-1152x1536.jpg 1152w, https:\/\/mh-bauunternehmen.de\/wp-content\/uploads\/2023\/06\/treppe.jpg 1200w\" sizes=\"(max-width: 768px) 100vw, 768px\" \/><\/figure>\n<\/figure>\n\n\n\n<div class=\"wp-block-uagb-call-to-action uagb-block-f0009e72 wp-block-button\"><div class=\"uagb-cta__wrap\"><h3 class=\"uagb-cta__title\">Unsere Referenzen \u00fcberzeugen<\/h3><p class=\"uagb-cta__desc\">Gerne zeigen wir Ihnen mehr unserer Projekte in unserer \u00dcbersicht.<\/p><\/div><div class=\"uagb-cta__buttons\"><a href=\"http:\/\/mh-bauunternehmen.de\/?page_id=35\" class=\"uagb-cta__button-link-wrapper wp-block-button__link\" target=\"_self\" rel=\"noopener noreferrer\">Weiterlesen<\/a><\/div><\/div>\n","protected":false},"excerpt":{"rendered":"<p>Au\u00dfenanlagen Hier sehen Sie eine Auswahl von uns realisierter Au\u00dfenanlagen. Ob formvollendeter Naturschwimm- oder Koiteich, stilvolle Gartenanlage, privates Schwimmbad, ins Gel\u00e4nde integrierte Terrassenanlage oder in Naturstein gemauerte in Stahl eingefasste Au\u00dfentreppe wir unterst\u00fctzen Sie professionell bei der Umsetzung Ihrer Ideen und beraten Sie gerne.<\/p>\n","protected":false},"author":1,"featured_media":0,"parent":0,"menu_order":0,"comment_status":"closed","ping_status":"closed","template":"","meta":{"_uag_custom_page_level_css":"","site-sidebar-layout":"default","site-content-layout":"default","ast-global-header-display":"","ast-banner-title-visibility":"","ast-main-header-display":"","ast-hfb-above-header-display":"","ast-hfb-below-header-display":"","ast-hfb-mobile-header-display":"","site-post-title":"disabled","ast-breadcrumbs-content":"","ast-featured-img":"","footer-sml-layout":"","theme-transparent-header-meta":"","adv-header-id-meta":"","stick-header-meta":"","header-above-stick-meta":"","header-main-stick-meta":"","header-below-stick-meta":""},"uagb_featured_image_src":{"full":false,"thumbnail":false,"medium":false,"medium_large":false,"large":false,"1536x1536":false,"2048x2048":false},"uagb_author_info":{"display_name":"admin","author_link":"https:\/\/mh-bauunternehmen.de\/?author=1"},"uagb_comment_info":0,"uagb_excerpt":"Au\u00dfenanlagen Hier sehen Sie eine Auswahl von uns realisierter Au\u00dfenanlagen. Ob formvollendeter Naturschwimm- oder Koiteich, stilvolle Gartenanlage, privates Schwimmbad, ins Gel\u00e4nde integrierte Terrassenanlage oder in Naturstein gemauerte in Stahl eingefasste Au\u00dfentreppe wir unterst\u00fctzen Sie professionell bei der Umsetzung Ihrer Ideen und beraten Sie gerne.","_links":{"self":[{"href":"https:\/\/mh-bauunternehmen.de\/index.php?rest_route=\/wp\/v2\/pages\/268"}],"collection":[{"href":"https:\/\/mh-bauunternehmen.de\/index.php?rest_route=\/wp\/v2\/pages"}],"about":[{"href":"https:\/\/mh-bauunternehmen.de\/index.php?rest_route=\/wp\/v2\/types\/page"}],"author":[{"embeddable":true,"href":"https:\/\/mh-bauunternehmen.de\/index.php?rest_route=\/wp\/v2\/users\/1"}],"replies":[{"embeddable":true,"href":"https:\/\/mh-bauunternehmen.de\/index.php?rest_route=%2Fwp%2Fv2%2Fcomments&post=268"}],"version-history":[{"count":5,"href":"https:\/\/mh-bauunternehmen.de\/index.php?rest_route=\/wp\/v2\/pages\/268\/revisions"}],"predecessor-version":[{"id":374,"href":"https:\/\/mh-bauunternehmen.de\/index.php?rest_route=\/wp\/v2\/pages\/268\/revisions\/374"}],"wp:attachment":[{"href":"https:\/\/mh-bauunternehmen.de\/index.php?rest_route=%2Fwp%2Fv2%2Fmedia&parent=268"}],"curies":[{"name":"wp","href":"https:\/\/api.w.org\/{rel}","templated":true}]}}