{"id":262,"date":"2023-06-19T12:16:08","date_gmt":"2023-06-19T12:16:08","guid":{"rendered":"http:\/\/mh-bauunternehmen.de\/?page_id=262"},"modified":"2023-06-25T19:28:25","modified_gmt":"2023-06-25T19:28:25","slug":"baggerarbeiten","status":"publish","type":"page","link":"https:\/\/mh-bauunternehmen.de\/?page_id=262","title":{"rendered":"Baggerarbeiten"},"content":{"rendered":"\n<div class=\"wp-block-uagb-container uagb-block-2e60b701 alignfull uagb-is-root-container\"><div class=\"uagb-container-inner-blocks-wrap\"><\/div><\/div>\n\n\n\n<div class=\"wp-block-uagb-container uagb-block-ce03a275 alignfull uagb-is-root-container\"><div class=\"uagb-container-inner-blocks-wrap\">\n<div class=\"wp-block-uagb-container uagb-block-ed70f3bd\"><\/div>\n<\/div><\/div>\n\n\n\n<h2 class=\"wp-block-heading\"><br>Baggerarbeiten<br><\/h2>\n\n\n\n<p>Baggerarbeiten sind ein wichtiger Teil vieler Bau- und Gartenprojekte. Ob es um das Ausheben einer Baugrube, das Anlegen eines Teichs oder das Entfernen von Baumst\u00fcmpfen geht, mit einem Bagger lassen sich Erdarbeiten schnell und effizient erledigen.<\/p>\n\n\n\n<p>Wir bieten Ihnen professionelle Baggerarbeiten f\u00fcr jede Anforderung. Wir verf\u00fcgen \u00fcber moderne und leistungsstarke Bagger in verschiedenen Gr\u00f6\u00dfen und Ausf\u00fchrungen, die sich f\u00fcr jeden Untergrund und jede Bodenklasse eignen. Unsere erfahrenen und qualifizierten Baggerfahrer arbeiten pr\u00e4zise und zuverl\u00e4ssig nach Ihren W\u00fcnschen und Vorgaben.<\/p>\n\n\n\n<figure class=\"wp-block-gallery has-nested-images columns-default is-cropped wp-block-gallery-1 is-layout-flex\">\n<figure class=\"wp-block-image size-large\"><img decoding=\"async\" loading=\"lazy\" width=\"768\" height=\"1024\" data-id=\"265\"  src=\"http:\/\/mh-bauunternehmen.de\/wp-content\/uploads\/2023\/06\/baggerarbeiten-2-1-768x1024.jpg\" alt=\"Ausgleichsarbeiten f\u00fcr das Fundament\" class=\"wp-image-265\" srcset=\"https:\/\/mh-bauunternehmen.de\/wp-content\/uploads\/2023\/06\/baggerarbeiten-2-1-768x1024.jpg 768w, https:\/\/mh-bauunternehmen.de\/wp-content\/uploads\/2023\/06\/baggerarbeiten-2-1-225x300.jpg 225w, https:\/\/mh-bauunternehmen.de\/wp-content\/uploads\/2023\/06\/baggerarbeiten-2-1-1152x1536.jpg 1152w, https:\/\/mh-bauunternehmen.de\/wp-content\/uploads\/2023\/06\/baggerarbeiten-2-1.jpg 1200w\" sizes=\"(max-width: 768px) 100vw, 768px\" \/><\/figure>\n\n\n\n<figure class=\"wp-block-image size-large\"><img decoding=\"async\" loading=\"lazy\" width=\"768\" height=\"1024\" data-id=\"263\"  src=\"http:\/\/mh-bauunternehmen.de\/wp-content\/uploads\/2023\/06\/baggerarbeiten-2-768x1024.jpg\" alt=\"\" class=\"wp-image-263\" srcset=\"https:\/\/mh-bauunternehmen.de\/wp-content\/uploads\/2023\/06\/baggerarbeiten-2-768x1024.jpg 768w, https:\/\/mh-bauunternehmen.de\/wp-content\/uploads\/2023\/06\/baggerarbeiten-2-225x300.jpg 225w, https:\/\/mh-bauunternehmen.de\/wp-content\/uploads\/2023\/06\/baggerarbeiten-2-1152x1536.jpg 1152w, https:\/\/mh-bauunternehmen.de\/wp-content\/uploads\/2023\/06\/baggerarbeiten-2.jpg 1200w\" sizes=\"(max-width: 768px) 100vw, 768px\" \/><\/figure>\n\n\n\n<figure class=\"wp-block-image size-large\"><img decoding=\"async\" loading=\"lazy\" width=\"768\" height=\"1024\" data-id=\"264\"  src=\"http:\/\/mh-bauunternehmen.de\/wp-content\/uploads\/2023\/06\/baggerarbeit2-fuer-podest-768x1024.jpg\" alt=\"\" class=\"wp-image-264\" srcset=\"https:\/\/mh-bauunternehmen.de\/wp-content\/uploads\/2023\/06\/baggerarbeit2-fuer-podest-768x1024.jpg 768w, https:\/\/mh-bauunternehmen.de\/wp-content\/uploads\/2023\/06\/baggerarbeit2-fuer-podest-225x300.jpg 225w, https:\/\/mh-bauunternehmen.de\/wp-content\/uploads\/2023\/06\/baggerarbeit2-fuer-podest-1152x1536.jpg 1152w, https:\/\/mh-bauunternehmen.de\/wp-content\/uploads\/2023\/06\/baggerarbeit2-fuer-podest.jpg 1200w\" sizes=\"(max-width: 768px) 100vw, 768px\" \/><\/figure>\n<\/figure>\n\n\n\n<div class=\"wp-block-uagb-container uagb-block-bd885c3e alignfull uagb-is-root-container\"><div class=\"uagb-container-inner-blocks-wrap\"><\/div><\/div>\n\n\n\n<p>Wir \u00fcbernehmen nicht nur das Ausheben, sondern auch den Transport und die Entsorgung des Aushubs. Wir k\u00fcmmern uns um die fachgerechte Trennung von Erdaushub, Gr\u00fcnschnitt und anderen Materialien und bringen sie zu den entsprechenden Deponien oder Recyclinganlagen. Wir beraten Sie gerne \u00fcber die Kosten und M\u00f6glichkeiten f\u00fcr Ihr Projekt.<\/p>\n\n\n\n<p>Kontaktieren Sie uns noch heute f\u00fcr ein unverbindliches Angebot. Wir freuen uns auf Ihre Anfrage<\/p>\n\n\n\n<div class=\"wp-block-uagb-call-to-action uagb-block-4a574d73 wp-block-button\"><div class=\"uagb-cta__wrap\"><h3 class=\"uagb-cta__title\">Unsere Referenzen \u00fcberzeugen<\/h3><p class=\"uagb-cta__desc\">Gerne zeigen wir Ihnen mehr unserer Projekte in unserer \u00dcbersicht.<\/p><\/div><div class=\"uagb-cta__buttons\"><a href=\"http:\/\/mh-bauunternehmen.de\/?page_id=35\" class=\"uagb-cta__button-link-wrapper wp-block-button__link\" target=\"_self\" rel=\"noopener noreferrer\">Weiterlesen<\/a><\/div><\/div>\n","protected":false},"excerpt":{"rendered":"<p>Baggerarbeiten Baggerarbeiten sind ein wichtiger Teil vieler Bau- und Gartenprojekte. Ob es um das Ausheben einer Baugrube, das Anlegen eines Teichs oder das Entfernen von Baumst\u00fcmpfen geht, mit einem Bagger lassen sich Erdarbeiten schnell und effizient erledigen. Wir bieten Ihnen professionelle Baggerarbeiten f\u00fcr jede Anforderung. Wir verf\u00fcgen \u00fcber moderne und leistungsstarke Bagger in verschiedenen Gr\u00f6\u00dfen &hellip;<\/p>\n<p class=\"read-more\"> <a class=\"\" href=\"https:\/\/mh-bauunternehmen.de\/?page_id=262\"> <span class=\"screen-reader-text\">Baggerarbeiten<\/span> Weiterlesen &raquo;<\/a><\/p>\n","protected":false},"author":1,"featured_media":0,"parent":0,"menu_order":0,"comment_status":"closed","ping_status":"closed","template":"","meta":{"_uag_custom_page_level_css":"","site-sidebar-layout":"default","site-content-layout":"default","ast-global-header-display":"","ast-banner-title-visibility":"","ast-main-header-display":"","ast-hfb-above-header-display":"","ast-hfb-below-header-display":"","ast-hfb-mobile-header-display":"","site-post-title":"disabled","ast-breadcrumbs-content":"","ast-featured-img":"","footer-sml-layout":"","theme-transparent-header-meta":"","adv-header-id-meta":"","stick-header-meta":"","header-above-stick-meta":"","header-main-stick-meta":"","header-below-stick-meta":""},"uagb_featured_image_src":{"full":false,"thumbnail":false,"medium":false,"medium_large":false,"large":false,"1536x1536":false,"2048x2048":false},"uagb_author_info":{"display_name":"admin","author_link":"https:\/\/mh-bauunternehmen.de\/?author=1"},"uagb_comment_info":0,"uagb_excerpt":"Baggerarbeiten Baggerarbeiten sind ein wichtiger Teil vieler Bau- und Gartenprojekte. Ob es um das Ausheben einer Baugrube, das Anlegen eines Teichs oder das Entfernen von Baumst\u00fcmpfen geht, mit einem Bagger lassen sich Erdarbeiten schnell und effizient erledigen. Wir bieten Ihnen professionelle Baggerarbeiten f\u00fcr jede Anforderung. Wir verf\u00fcgen \u00fcber moderne und leistungsstarke Bagger in verschiedenen Gr\u00f6\u00dfen&hellip;","_links":{"self":[{"href":"https:\/\/mh-bauunternehmen.de\/index.php?rest_route=\/wp\/v2\/pages\/262"}],"collection":[{"href":"https:\/\/mh-bauunternehmen.de\/index.php?rest_route=\/wp\/v2\/pages"}],"about":[{"href":"https:\/\/mh-bauunternehmen.de\/index.php?rest_route=\/wp\/v2\/types\/page"}],"author":[{"embeddable":true,"href":"https:\/\/mh-bauunternehmen.de\/index.php?rest_route=\/wp\/v2\/users\/1"}],"replies":[{"embeddable":true,"href":"https:\/\/mh-bauunternehmen.de\/index.php?rest_route=%2Fwp%2Fv2%2Fcomments&post=262"}],"version-history":[{"count":6,"href":"https:\/\/mh-bauunternehmen.de\/index.php?rest_route=\/wp\/v2\/pages\/262\/revisions"}],"predecessor-version":[{"id":375,"href":"https:\/\/mh-bauunternehmen.de\/index.php?rest_route=\/wp\/v2\/pages\/262\/revisions\/375"}],"wp:attachment":[{"href":"https:\/\/mh-bauunternehmen.de\/index.php?rest_route=%2Fwp%2Fv2%2Fmedia&parent=262"}],"curies":[{"name":"wp","href":"https:\/\/api.w.org\/{rel}","templated":true}]}}