{"id":23,"date":"2023-06-01T13:13:00","date_gmt":"2023-06-01T13:13:00","guid":{"rendered":"http:\/\/mh-bauunternehmen.de\/?page_id=23"},"modified":"2023-07-07T14:38:18","modified_gmt":"2023-07-07T14:38:18","slug":"mh-bauunternehmen","status":"publish","type":"page","link":"https:\/\/mh-bauunternehmen.de\/","title":{"rendered":"MH Bauunternehmen"},"content":{"rendered":"\n<div class=\"wp-block-uagb-container uagb-block-e4c8975a alignfull uagb-is-root-container\"><div class=\"uagb-container-inner-blocks-wrap\"><\/div><\/div>\n\n\n\n<div class=\"wp-block-uagb-container uagb-block-9b65432c alignfull uagb-is-root-container\"><div class=\"uagb-container-inner-blocks-wrap\">\n<div class=\"wp-block-uagb-container uagb-block-1f85f233\">\n<div data-aos= \"zoom-in-down\" data-aos-duration=\"400\" data-aos-delay=\"0\" data-aos-easing=\"ease\" data-aos-once=\"true\" class=\"wp-block-uagb-container uagb-block-ad6d45e7\">\n<div class=\"wp-block-uagb-info-box uagb-block-f3056ca2 uagb-infobox__content-wrap  uagb-infobox-icon-above-title uagb-infobox-image-valign-top\"><div class=\"uagb-ifb-content\"><div class=\"uagb-ifb-icon-wrap\"><svg xmlns=\"https:\/\/www.w3.org\/2000\/svg\" viewBox=\"0 0 576 512\"><path d=\"M511.8 287.6L512.5 447.7C512.6 483.2 483.9 512 448.5 512H326.4L288 448L368.8 380.7C376.6 374.1 376.5 362.1 368.5 355.8L250.6 263.2C235.1 251.7 216.8 270.1 227.8 285.2L288 368L202.5 439.2C196.5 444.3 194.1 452.1 199.1 459.8L230.4 512H128.1C92.75 512 64.09 483.3 64.09 448V287.6H32.05C14.02 287.6 0 273.5 0 255.5C0 246.5 3.004 238.5 10.01 231.5L266.4 8.016C273.4 1.002 281.4 0 288.4 0C295.4 0 303.4 2.004 309.5 7.014L564.8 231.5C572.8 238.5 576.9 246.5 575.8 255.5C575.8 273.5 560.8 287.6 543.8 287.6H511.8z\"><\/path><\/svg><\/div><div class=\"uagb-ifb-title-wrap\"><h5 class=\"uagb-ifb-title\"> Neubau &amp; Sanierung <\/h5><\/div><p class=\"uagb-ifb-desc\"> Wir planen und realisieren <br>Projekte professionell und <br>durchdacht<\/p><div class=\"uagb-ifb-button-wrapper wp-block-button\"><a href=\"http:\/\/mh-bauunternehmen.de\/?page_id=282\" class=\"uagb-infobox-cta-link wp-block-button__link\" target=\"_self\" rel=\"noopener noreferrer\" onclick=\"return true;\" alt=\"\"><span class=\"uagb-inline-editing\">Weiterlesen<\/span><svg xmlns=\"https:\/\/www.w3.org\/2000\/svg\" viewBox=\"0 0 512 512\"><path d=\"M504.3 273.6l-112.1 104c-6.992 6.484-17.18 8.218-25.94 4.406c-8.758-3.812-14.42-12.45-14.42-21.1L351.9 288H32C14.33 288 .0002 273.7 .0002 255.1S14.33 224 32 224h319.9l0-72c0-9.547 5.66-18.19 14.42-22c8.754-3.809 18.95-2.075 25.94 4.41l112.1 104C514.6 247.9 514.6 264.1 504.3 273.6z\"><\/path><\/svg><\/a><\/div><\/div><\/div>\n<\/div>\n\n\n\n<div data-aos= \"zoom-in-down\" data-aos-duration=\"400\" data-aos-delay=\"0\" data-aos-easing=\"ease\" data-aos-once=\"true\" class=\"wp-block-uagb-container uagb-block-3d35792f\">\n<div class=\"wp-block-uagb-info-box uagb-block-5a704dd8 uagb-infobox__content-wrap  uagb-infobox-icon-above-title uagb-infobox-image-valign-top\"><div class=\"uagb-ifb-content\"><div class=\"uagb-ifb-icon-wrap\"><svg xmlns=\"https:\/\/www.w3.org\/2000\/svg\" viewBox=\"0 0 576 512\"><path d=\"M128 32C145.7 32 160 46.33 160 64V215.4L316.6 131C332.6 122.4 352 134 352 152.2V215.4L508.6 131C524.6 122.4 544 134 544 152.2V432C544 458.5 522.5 480 496 480H80C53.49 480 32 458.5 32 432V64C32 46.33 46.33 32 64 32H128z\"><\/path><\/svg><\/div><div class=\"uagb-ifb-title-wrap\"><h5 class=\"uagb-ifb-title\">Energieeffizienz-<br>Experten<\/h5><\/div><p class=\"uagb-ifb-desc\">Wir sind zertifizierte<br>Berater KfW und Bafa<br><br><a href=\"http:\/\/mh-bauunternehmen\/?page_id=158\"><img decoding=\"async\" loading=\"lazy\" width=\"965\" height=\"234\" class=\"wp-image-42\" style=\"width: 150px;\" src=\"http:\/\/mh-bauunternehmen.de\/wp-content\/uploads\/2023\/05\/25188913_711177585756062_6513894068802648734_o.jpg\" alt=\"Energieeffizienz Experten\" srcset=\"https:\/\/mh-bauunternehmen.de\/wp-content\/uploads\/2023\/05\/25188913_711177585756062_6513894068802648734_o.jpg 965w, https:\/\/mh-bauunternehmen.de\/wp-content\/uploads\/2023\/05\/25188913_711177585756062_6513894068802648734_o-300x73.jpg 300w, https:\/\/mh-bauunternehmen.de\/wp-content\/uploads\/2023\/05\/25188913_711177585756062_6513894068802648734_o-768x186.jpg 768w\" sizes=\"(max-width: 965px) 100vw, 965px\" \/><\/a><\/p><div class=\"uagb-ifb-button-wrapper wp-block-button\"><a href=\"http:\/\/mh-bauunternehmen.de\/?page_id=158\" class=\"uagb-infobox-cta-link wp-block-button__link\" target=\"_self\" rel=\"noopener noreferrer\" onclick=\"return true;\" alt=\"\"><span class=\"uagb-inline-editing\">Weiterlesen<\/span><\/a><\/div><\/div><\/div>\n<\/div>\n\n\n\n<div data-aos= \"zoom-in-down\" data-aos-duration=\"400\" data-aos-delay=\"0\" data-aos-easing=\"ease\" data-aos-once=\"true\" class=\"wp-block-uagb-container uagb-block-a974800c\">\n<div class=\"wp-block-uagb-container uagb-block-07e9e2ca\">\n<div class=\"wp-block-uagb-container uagb-block-c1eabb9a\">\n<div class=\"wp-block-columns is-layout-flex wp-container-2\">\n<div class=\"wp-block-column is-layout-flow\" style=\"flex-basis:100%\">\n<div class=\"wp-block-uagb-info-box uagb-block-424dd29a uagb-infobox__content-wrap  uagb-infobox-icon-above-title uagb-infobox-image-valign-top\"><div class=\"uagb-ifb-content\"><div class=\"uagb-ifb-icon-wrap\"><svg xmlns=\"https:\/\/www.w3.org\/2000\/svg\" viewBox=\"0 0 576 512\"><path d=\"M272 95.93c26.5 0 47.99-21.47 47.99-47.97S298.5 0 272 0C245.5 0 224 21.47 224 47.97S245.5 95.93 272 95.93zM209.7 357.3c-25.75-17.25-52.25-33.24-79.5-48.11L58.62 270.2L1.246 471.1c-4.875 16.1 4.1 34.74 22 39.62s34.63-4.998 39.5-21.99l36.63-128.1l60.63 40.37v78.86c0 17.62 14.38 31.99 32 31.99s32-14.37 32-31.99l.0022-95.93C224 373.2 218.6 363.2 209.7 357.3zM311.1 416c-13.88 0-25.95 8.863-30.33 21.86l-24.75 74.07h319.9l-101.9-206.3c-11.38-22.49-43.1-23.63-56.1-2.01l-31.89 54.21l-65.26-35.64l-24-121.2C288.1 161.3 263.2 127.7 227.1 109.7c-1-.4999-2.125-.625-3.125-1.125c-2.25-1.125-4.752-1.1-7.252-2.625C201.5 99.85 185.2 95.98 168.7 95.98H95.1c-9.25 0-18.05 4.061-24.18 10.93l-55.95 63.92c-.75 .9998-1.5 2.124-2.25 3.249c-8.875 13.1-3 32.87 11.63 40.74l336.6 184.3l-9.837 16.87H311.1zM105.9 204.1l-23.5-12.87l28.13-32.12h34.38L105.9 204.1zM199.5 256.1l34.9-41.28l13.5 67.61L199.5 256.1z\"><\/path><\/svg><\/div><div class=\"uagb-ifb-title-wrap\"><h5 class=\"uagb-ifb-title\">Jobs<\/h5><\/div><p class=\"uagb-ifb-desc\">Fairness ist in <br>unserem Team die Basis<\/p><div class=\"uagb-ifb-button-wrapper wp-block-button\"><a href=\"http:\/\/mh-bauunternehmen.de\/?page_id=165\" class=\"uagb-infobox-cta-link wp-block-button__link\" target=\"_self\" rel=\"noopener noreferrer\" onclick=\"return true;\" alt=\"\"><span class=\"uagb-inline-editing\">Weiterlesen<\/span><svg xmlns=\"https:\/\/www.w3.org\/2000\/svg\" viewBox=\"0 0 512 512\"><path d=\"M504.3 273.6l-112.1 104c-6.992 6.484-17.18 8.218-25.94 4.406c-8.758-3.812-14.42-12.45-14.42-21.1L351.9 288H32C14.33 288 .0002 273.7 .0002 255.1S14.33 224 32 224h319.9l0-72c0-9.547 5.66-18.19 14.42-22c8.754-3.809 18.95-2.075 25.94 4.41l112.1 104C514.6 247.9 514.6 264.1 504.3 273.6z\"><\/path><\/svg><\/a><\/div><\/div><\/div>\n<\/div>\n<\/div>\n<\/div>\n<\/div>\n<\/div>\n<\/div>\n<\/div><\/div>\n\n\n\n<p class=\"has-medium-font-size\"><br>Sie m\u00f6chten ihr Projekt rund um das Thema &#8222;Bauen und Wohnen&#8220; professionell und individuell gestalten? Wir finden f\u00fcr Sie optimierte L\u00f6sungen. MH Bauunternehmen steht f\u00fcr langj\u00e4hrige Erfahrung und professionelle Arbeitsweise, wenn es um Dienstleistungen rund um &#8222;Bauen und Wohnen&#8220; geht. \u00dcberzeugen Sie sich selbst von unserem zuverl\u00e4ssigen Team und der Qualit\u00e4t unserer Arbeit. Wir gestalten Ihre Au\u00dfenanlage in einem modernen Stil, beraten Sie gerne in Fragen der Materialauswahl und beziehen hochwertige Baustoffe bei unseren regionalen H\u00e4ndlern.<br>Profitieren Sie von unserem Know-How, das Theorie und Praxis aus einer Hand bietet.<br>Zus\u00e4tzlich zu unserer hochwertigen Arbeit im klassischen Bausektor, beraten wir Sie als zertifizierte Energieeffizienz-Experten bei der Sanierung Ihrer Immobilie &#8211; von der Bestandsaufnahme \u00fcber den F\u00f6rderantrag bei der Bafa oder KfW-Bank bis zur Baubegleitung der einzelnen Gewerke.<\/p>\n\n\n\n<div class=\"wp-block-uagb-container uagb-block-cf9c5f54 alignfull uagb-is-root-container\"><div class=\"uagb-container-inner-blocks-wrap\">\n<div class=\"wp-block-uagb-advanced-heading uagb-block-73b4107e\"><h2 class=\"uagb-heading-text\">MH -Geb\u00e4udeenergieberatung<\/h2><\/div>\n\n\n\n<p class=\"has-medium-font-size\">Als gepr\u00fcfter Energieberater helfe ich Ihnen gerne bei der Analyse des W\u00e4rmeverbrauchs Ihrer Immobilie und berate Sie kompetent, welche Einsparpotenziale Sie nutzen k\u00f6nnen und wie Sie die Bausubstanz Ihrer Immobilie wertsteigernd erhalten k\u00f6nnen.<\/p>\n<\/div><\/div>\n\n\n\n<div class=\"wp-block-uagb-container uagb-block-74aa818e alignfull uagb-is-root-container\"><div class=\"uagb-container-inner-blocks-wrap\">\n<p><br><\/p>\n\n\n\n<div class=\"wp-block-columns is-layout-flex wp-container-6\">\n<div class=\"wp-block-column is-layout-flow\">\n<div class=\"wp-block-uagb-advanced-heading uagb-block-28b26231\"><h2 class=\"uagb-heading-text\">KfW &amp; Bafa<\/h2><\/div>\n<\/div>\n\n\n\n<div class=\"wp-block-column is-layout-flow\">\n<figure class=\"wp-block-image size-full\"><a href=\"https:\/\/www.kfw.de\/kfw.de.html\" target=\"_blank\" rel=\"noreferrer noopener\"><img decoding=\"async\" loading=\"lazy\" width=\"150\" height=\"82\" src=\"http:\/\/mh-bauunternehmen.de\/wp-content\/uploads\/2023\/05\/kfw.png\" alt=\"KFW Bank aus Verantwortung\" class=\"wp-image-74\"\/><\/a><\/figure>\n<\/div>\n\n\n\n<div class=\"wp-block-column is-layout-flow\">\n<figure class=\"wp-block-image size-full\"><a href=\"https:\/\/www.bafa.de\/DE\/Home\/home_node.html;jsessionid=F74AD376061342EBF88D09FA41167C79.internet271\" target=\"_blank\" rel=\"noreferrer noopener\"><img decoding=\"async\" loading=\"lazy\" width=\"214\" height=\"115\" src=\"http:\/\/mh-bauunternehmen.de\/wp-content\/uploads\/2023\/05\/bafa.png\" alt=\"\" class=\"wp-image-76\"\/><\/a><\/figure>\n<\/div>\n<\/div>\n\n\n\n<p class=\"has-medium-font-size\"><em>Vielseitig und spezialisiert, modern und traditionsbewusst, schnell einsatzbereit und langfristig verl\u00e4sslich &#8211; so sichern wir unser h\u00f6chstes Gut: Die Zufriedenheit unserer Kunden<\/em><\/p>\n<\/div><\/div>\n\n\n\n<div class=\"wp-block-uagb-container uagb-block-b0cb2e1d alignfull uagb-is-root-container\"><div class=\"uagb-container-inner-blocks-wrap\">\n<div class=\"wp-block-uagb-advanced-heading uagb-block-3aa088ea\"><h2 class=\"uagb-heading-text\">Referenzen, die \u00fcberzeugen<\/h2><\/div>\n\n\n\n<div class=\"wp-block-uagb-container uagb-block-0fd5ad0d\">\n<div class=\"wp-block-uagb-container uagb-block-0086897d\">\n<div class=\"inherit-container-width wp-block-group is-layout-constrained\">\n<div class=\"wp-block-uagb-testimonial uagb-slick-carousel uagb-tm__arrow-outside uagb-block-899db3c7 uagb-post__carousel_notset uagb-post__carousel_notset-tablet uagb-post__carousel_notset-mobile\"><div class=\"is-carousel uagb-tm__columns-1 uagb-tm__items\"><div class=\"uagb-testimonial__wrap  uagb-tm__imgicon-style-circle uagb-tm__image-position-bottom uagb-tm__bg-type-none \"><div class=\"uagb-tm__content\"><div class=\"uagb-tm__overlay\"><\/div><div class=\"uagb-tm__text-wrap\"><div class=\"uagb-tm__desc\">Sie tr\u00e4umen von einem privaten Pool, der ein echter Hingucker in Ihrem Garten ist? Dann lassen Sie sich von diesem Projekt inspirieren: Ein wundersch\u00f6ner Pool, der mit seinem eleganten Design und seiner professionellen Ausf\u00fchrung \u00fcberzeugt.<\/div><div class=\"uagb-tm__meta-inner\"><div class=\"uagb-tm__image-content\"><div class=\"uagb-tm__image\"><img decoding=\"async\" class=\"uagb-tm-img-src\" src=\"http:\/\/mh-bauunternehmen.de\/wp-content\/uploads\/2023\/05\/FB_IMG_1685536706398-150x150.jpg\" alt=\"\" width=\"60\" height=\"60\" loading=\"lazy\"\/><\/div><\/div><div class=\"uagb-testimonial-details\"><span class=\"uagb-tm__author-name\">Schwimmbadbau<\/span><span class=\"uagb-tm__company\">Hefersweiler<\/span><\/div><\/div><\/div><\/div><\/div><\/div><\/div>\n<\/div>\n<\/div>\n\n\n\n<div class=\"wp-block-uagb-container uagb-block-68b13a77\">\n<div class=\"wp-block-uagb-testimonial uagb-slick-carousel uagb-tm__arrow-outside uagb-block-76917f02 uagb-post__carousel_notset uagb-post__carousel_notset-tablet uagb-post__carousel_notset-mobile\"><div class=\"is-carousel uagb-tm__columns-1 uagb-tm__items\"><div class=\"uagb-testimonial__wrap  uagb-tm__imgicon-style-circle uagb-tm__image-position-bottom uagb-tm__bg-type-none \"><div class=\"uagb-tm__content\"><div class=\"uagb-tm__overlay\"><\/div><div class=\"uagb-tm__text-wrap\"><div class=\"uagb-tm__desc\">Baggerarbeiten sind eine wesentliche Voraussetzung f\u00fcr den Erfolg einer Bauma\u00dfnahme. Sie erfordern eine sorgf\u00e4ltige Planung, Vorbereitung, Durchf\u00fchrung und Nachbereitung.<\/div><div class=\"uagb-tm__meta-inner\"><div class=\"uagb-tm__image-content\"><div class=\"uagb-tm__image\"><img decoding=\"async\" class=\"uagb-tm-img-src\" src=\"http:\/\/mh-bauunternehmen.de\/wp-content\/uploads\/2023\/05\/39210986_856530647887421_4219818871697178624_n-150x150.jpg\" alt=\"\" width=\"60\" height=\"60\" loading=\"lazy\"\/><\/div><\/div><div class=\"uagb-testimonial-details\"><span class=\"uagb-tm__author-name\">Baggerarbeiten<\/span><span class=\"uagb-tm__company\">Offenbach-Hundheim\u200b<\/span><\/div><\/div><\/div><\/div><\/div><\/div><\/div>\n<\/div>\n<\/div>\n\n\n\n<div class=\"wp-block-uagb-container uagb-block-7a9831d5\">\n<div class=\"wp-block-uagb-container uagb-block-1ae46e8e\">\n<div class=\"wp-block-uagb-testimonial uagb-slick-carousel uagb-tm__arrow-outside uagb-block-463b6d05 uagb-post__carousel_notset uagb-post__carousel_notset-tablet uagb-post__carousel_notset-mobile\"><div class=\"is-carousel uagb-tm__columns-1 uagb-tm__items\"><div class=\"uagb-testimonial__wrap  uagb-tm__imgicon-style-circle uagb-tm__image-position-bottom uagb-tm__bg-type-none \"><div class=\"uagb-tm__content\"><div class=\"uagb-tm__overlay\"><\/div><div class=\"uagb-tm__text-wrap\"><div class=\"uagb-tm__desc\">Die Planung und Durchf\u00fchrung aller Arbeiten zu dieser individuellen Doppelgarage sorgen f\u00fcr Langlebigkeit und stabile Konstruktion.<\/div><div class=\"uagb-tm__meta-inner\"><div class=\"uagb-tm__image-content\"><div class=\"uagb-tm__image\"><img decoding=\"async\" class=\"uagb-tm-img-src\" src=\"http:\/\/mh-bauunternehmen.de\/wp-content\/uploads\/2023\/05\/FB_IMG_1685536622737-150x150.jpg\" alt=\"\" width=\"60\" height=\"60\" loading=\"lazy\"\/><\/div><\/div><div class=\"uagb-testimonial-details\"><span class=\"uagb-tm__author-name\">Doppelgarage<\/span><span class=\"uagb-tm__company\">Reipoltskirchen\u200b<\/span><\/div><\/div><\/div><\/div><\/div><\/div><\/div>\n<\/div>\n\n\n\n<div class=\"wp-block-uagb-container uagb-block-9226b5be\">\n<div class=\"wp-block-uagb-testimonial uagb-slick-carousel uagb-tm__arrow-outside uagb-block-3a4cc6d5 uagb-post__carousel_notset uagb-post__carousel_notset-tablet uagb-post__carousel_notset-mobile\"><div class=\"is-carousel uagb-tm__columns-1 uagb-tm__items\"><div class=\"uagb-testimonial__wrap  uagb-tm__imgicon-style-circle uagb-tm__image-position-bottom uagb-tm__bg-type-none \"><div class=\"uagb-tm__content\"><div class=\"uagb-tm__overlay\"><\/div><div class=\"uagb-tm__text-wrap\"><div class=\"uagb-tm__desc\">Natursteinverblender sind eine attraktive M\u00f6glichkeit, eine Mauer zu versch\u00f6nern und an den individuellen Gartenstil anzupassen. Sie sind pflegeleicht und langlebig und verleihen der Wand einen nat\u00fcrlichen Charme.<\/div><div class=\"uagb-tm__meta-inner\"><div class=\"uagb-tm__image-content\"><div class=\"uagb-tm__image\"><img decoding=\"async\" class=\"uagb-tm-img-src\" src=\"http:\/\/mh-bauunternehmen.de\/wp-content\/uploads\/2023\/05\/76619865_1149895941884222_8491155536807460864_n-150x150.jpg\" alt=\"\" width=\"60\" height=\"60\" loading=\"lazy\"\/><\/div><\/div><div class=\"uagb-testimonial-details\"><span class=\"uagb-tm__author-name\">Mauerverblendung in Naturstein<\/span><span class=\"uagb-tm__company\">Hefersweiler<\/span><\/div><\/div><\/div><\/div><\/div><\/div><\/div>\n<\/div>\n<\/div>\n<\/div><\/div>\n","protected":false},"excerpt":{"rendered":"<p>Sie m\u00f6chten ihr Projekt rund um das Thema &#8222;Bauen und Wohnen&#8220; professionell und individuell gestalten? Wir finden f\u00fcr Sie optimierte L\u00f6sungen. MH Bauunternehmen steht f\u00fcr langj\u00e4hrige Erfahrung und professionelle Arbeitsweise, wenn es um Dienstleistungen rund um &#8222;Bauen und Wohnen&#8220; geht. \u00dcberzeugen Sie sich selbst von unserem zuverl\u00e4ssigen Team und der Qualit\u00e4t unserer Arbeit. Wir gestalten &hellip;<\/p>\n<p class=\"read-more\"> <a class=\"\" href=\"https:\/\/mh-bauunternehmen.de\/\"> <span class=\"screen-reader-text\">MH Bauunternehmen<\/span> Weiterlesen &raquo;<\/a><\/p>\n","protected":false},"author":1,"featured_media":0,"parent":0,"menu_order":0,"comment_status":"closed","ping_status":"closed","template":"","meta":{"_uag_custom_page_level_css":"","site-sidebar-layout":"default","site-content-layout":"default","ast-global-header-display":"","ast-banner-title-visibility":"","ast-main-header-display":"","ast-hfb-above-header-display":"","ast-hfb-below-header-display":"","ast-hfb-mobile-header-display":"","site-post-title":"disabled","ast-breadcrumbs-content":"","ast-featured-img":"","footer-sml-layout":"","theme-transparent-header-meta":"","adv-header-id-meta":"","stick-header-meta":"","header-above-stick-meta":"","header-main-stick-meta":"","header-below-stick-meta":""},"uagb_featured_image_src":{"full":false,"thumbnail":false,"medium":false,"medium_large":false,"large":false,"1536x1536":false,"2048x2048":false},"uagb_author_info":{"display_name":"admin","author_link":"https:\/\/mh-bauunternehmen.de\/?author=1"},"uagb_comment_info":0,"uagb_excerpt":"Sie m\u00f6chten ihr Projekt rund um das Thema &#8222;Bauen und Wohnen&#8220; professionell und individuell gestalten? Wir finden f\u00fcr Sie optimierte L\u00f6sungen. MH Bauunternehmen steht f\u00fcr langj\u00e4hrige Erfahrung und professionelle Arbeitsweise, wenn es um Dienstleistungen rund um &#8222;Bauen und Wohnen&#8220; geht. \u00dcberzeugen Sie sich selbst von unserem zuverl\u00e4ssigen Team und der Qualit\u00e4t unserer Arbeit. Wir gestalten&hellip;","_links":{"self":[{"href":"https:\/\/mh-bauunternehmen.de\/index.php?rest_route=\/wp\/v2\/pages\/23"}],"collection":[{"href":"https:\/\/mh-bauunternehmen.de\/index.php?rest_route=\/wp\/v2\/pages"}],"about":[{"href":"https:\/\/mh-bauunternehmen.de\/index.php?rest_route=\/wp\/v2\/types\/page"}],"author":[{"embeddable":true,"href":"https:\/\/mh-bauunternehmen.de\/index.php?rest_route=\/wp\/v2\/users\/1"}],"replies":[{"embeddable":true,"href":"https:\/\/mh-bauunternehmen.de\/index.php?rest_route=%2Fwp%2Fv2%2Fcomments&post=23"}],"version-history":[{"count":49,"href":"https:\/\/mh-bauunternehmen.de\/index.php?rest_route=\/wp\/v2\/pages\/23\/revisions"}],"predecessor-version":[{"id":420,"href":"https:\/\/mh-bauunternehmen.de\/index.php?rest_route=\/wp\/v2\/pages\/23\/revisions\/420"}],"wp:attachment":[{"href":"https:\/\/mh-bauunternehmen.de\/index.php?rest_route=%2Fwp%2Fv2%2Fmedia&parent=23"}],"curies":[{"name":"wp","href":"https:\/\/api.w.org\/{rel}","templated":true}]}}