{"id":186,"date":"2023-06-06T06:37:58","date_gmt":"2023-06-06T06:37:58","guid":{"rendered":"http:\/\/mh-bauunternehmen.de\/?page_id=186"},"modified":"2023-07-07T11:48:47","modified_gmt":"2023-07-07T11:48:47","slug":"zertifikate","status":"publish","type":"page","link":"https:\/\/mh-bauunternehmen.de\/?page_id=186","title":{"rendered":"Zertifikate"},"content":{"rendered":"\n<div class=\"wp-block-uagb-container uagb-block-684d8f39 alignfull uagb-is-root-container\"><div class=\"uagb-container-inner-blocks-wrap\"><\/div><\/div>\n\n\n\n<p><\/p>\n\n\n\n<div class=\"wp-block-uagb-advanced-heading uagb-block-48eb5b0e\"><h2 class=\"uagb-heading-text\"><br>Unsere Expertise schwarz auf wei\u00df<\/h2><p class=\"uagb-desc-text\">Bei uns liegt ihr Auftrag in fachm\u00e4nnischen H\u00e4nden. <br><br><\/p><\/div>\n\n\n\n<div class=\"inherit-container-width wp-block-group is-layout-constrained\">\t\t\t\t\t<div\n\t\t\t\t\t\tclass=\"wp-block-uagb-image-gallery uagb-block-df8f30c8     \"\n\t\t\t\t\t\tstyle=\"\"\n\t\t\t\t\t>\n\t\t\t\t\t\t\t\t\t\t\t<div class=\"spectra-image-gallery spectra-image-gallery__layout--grid spectra-image-gallery__layout--grid-col-3 spectra-image-gallery__layout--grid-col-tab-3 spectra-image-gallery__layout--grid-col-mob-2\">\n\t\t\t\t\t\t\t\t\t\t\t<div class='spectra-image-gallery__media-wrapper' data-spectra-gallery-image-id='79'>\n\t\t\t\t\t\t\t<div class=\"spectra-image-gallery__media spectra-image-gallery__media--grid\">\n\t\t\t\t<picture>\n\t\t\t\t\t<source media=\"(min-width: 1024px)\" srcset=\"http:\/\/mh-bauunternehmen.de\/wp-content\/uploads\/2023\/05\/meisterbrief-1-150x150.png\">\n\t\t\t\t\t<source media=\"(min-width: 768px)\" srcset=\"http:\/\/mh-bauunternehmen.de\/wp-content\/uploads\/2023\/05\/meisterbrief-1.png\">\n\t\t\t\t\t<img decoding=\"async\" class=\"spectra-image-gallery__media-thumbnail spectra-image-gallery__media-thumbnail--grid\" src=\"http:\/\/mh-bauunternehmen.de\/wp-content\/uploads\/2023\/05\/meisterbrief-1-209x300.png\" alt=\"Meisterbrief Maurer und Betonierer\" loading=\"lazy\" \/>\n\t\t\t\t<\/picture>\n\t\t\t\t<div class=\"spectra-image-gallery__media-thumbnail-blurrer\"><\/div>\n\t\t\t\t\t\t\t\t\t\t\t<div class=\"spectra-image-gallery__media-thumbnail-caption-wrapper spectra-image-gallery__media-thumbnail-caption-wrapper--overlay\">\n\t\t\t\t\t\t\t\t\t\t\t<div class=\"spectra-image-gallery__media-thumbnail-caption spectra-image-gallery__media-thumbnail-caption--overlay\">\n\t\t\t\t\tMeisterbrief Maurer\t\t\t\t<\/div>\n\t\t\t\t\t\t\t\t\t\t<\/div>\n\t\t\t\t\t\t\t\t\t<\/div>\n\t\t\t\t\t\t<\/div>\n\t\t\t\t\t\t<div class='spectra-image-gallery__media-wrapper' data-spectra-gallery-image-id='72'>\n\t\t\t\t\t\t\t<div class=\"spectra-image-gallery__media spectra-image-gallery__media--grid\">\n\t\t\t\t<picture>\n\t\t\t\t\t<source media=\"(min-width: 1024px)\" srcset=\"http:\/\/mh-bauunternehmen.de\/wp-content\/uploads\/2023\/05\/10865707_1786946041530940_4732115328528697896_o-150x150.jpg\">\n\t\t\t\t\t<source media=\"(min-width: 768px)\" srcset=\"http:\/\/mh-bauunternehmen.de\/wp-content\/uploads\/2023\/05\/10865707_1786946041530940_4732115328528697896_o-768x1024.jpg\">\n\t\t\t\t\t<img decoding=\"async\" class=\"spectra-image-gallery__media-thumbnail spectra-image-gallery__media-thumbnail--grid\" src=\"http:\/\/mh-bauunternehmen.de\/wp-content\/uploads\/2023\/05\/10865707_1786946041530940_4732115328528697896_o-225x300.jpg\" alt=\"\u00dcberreichung des Meisterbriefes\" loading=\"lazy\" \/>\n\t\t\t\t<\/picture>\n\t\t\t\t<div class=\"spectra-image-gallery__media-thumbnail-blurrer\"><\/div>\n\t\t\t\t\t\t\t\t\t\t\t<div class=\"spectra-image-gallery__media-thumbnail-caption-wrapper spectra-image-gallery__media-thumbnail-caption-wrapper--overlay\">\n\t\t\t\t\t\t\t\t\t\t\t<div class=\"spectra-image-gallery__media-thumbnail-caption spectra-image-gallery__media-thumbnail-caption--overlay\">\n\t\t\t\t\t\u00dcberreichung des Meisterbriefes\t\t\t\t<\/div>\n\t\t\t\t\t\t\t\t\t\t<\/div>\n\t\t\t\t\t\t\t\t\t<\/div>\n\t\t\t\t\t\t<\/div>\n\t\t\t\t\t\t<div class='spectra-image-gallery__media-wrapper' data-spectra-gallery-image-id='80'>\n\t\t\t\t\t\t\t<div class=\"spectra-image-gallery__media spectra-image-gallery__media--grid\">\n\t\t\t\t<picture>\n\t\t\t\t\t<source media=\"(min-width: 1024px)\" srcset=\"http:\/\/mh-bauunternehmen.de\/wp-content\/uploads\/2023\/05\/gebaeudeenergieberater-1-150x150.png\">\n\t\t\t\t\t<source media=\"(min-width: 768px)\" srcset=\"http:\/\/mh-bauunternehmen.de\/wp-content\/uploads\/2023\/05\/gebaeudeenergieberater-1.png\">\n\t\t\t\t\t<img decoding=\"async\" class=\"spectra-image-gallery__media-thumbnail spectra-image-gallery__media-thumbnail--grid\" src=\"http:\/\/mh-bauunternehmen.de\/wp-content\/uploads\/2023\/05\/gebaeudeenergieberater-1-224x300.png\" alt=\"Urkunde Geb\u00e4udeenergieberatung\" loading=\"lazy\" \/>\n\t\t\t\t<\/picture>\n\t\t\t\t<div class=\"spectra-image-gallery__media-thumbnail-blurrer\"><\/div>\n\t\t\t\t\t\t\t\t\t\t\t<div class=\"spectra-image-gallery__media-thumbnail-caption-wrapper spectra-image-gallery__media-thumbnail-caption-wrapper--overlay\">\n\t\t\t\t\t\t\t\t\t\t\t<div class=\"spectra-image-gallery__media-thumbnail-caption spectra-image-gallery__media-thumbnail-caption--overlay\">\n\t\t\t\t\tUrkunde Geb\u00e4udeenergieberatung\t\t\t\t<\/div>\n\t\t\t\t\t\t\t\t\t\t<\/div>\n\t\t\t\t\t\t\t\t\t<\/div>\n\t\t\t\t\t\t<\/div>\n\t\t\t\t\t\t<div class='spectra-image-gallery__media-wrapper' data-spectra-gallery-image-id='351'>\n\t\t\t\t\t\t\t<div class=\"spectra-image-gallery__media spectra-image-gallery__media--grid\">\n\t\t\t\t<picture>\n\t\t\t\t\t<source media=\"(min-width: 1024px)\" srcset=\"http:\/\/mh-bauunternehmen.de\/wp-content\/uploads\/2023\/06\/befestigungstechnik-150x150.jpg\">\n\t\t\t\t\t<source media=\"(min-width: 768px)\" srcset=\"http:\/\/mh-bauunternehmen.de\/wp-content\/uploads\/2023\/06\/befestigungstechnik-1024x707.jpg\">\n\t\t\t\t\t<img decoding=\"async\" class=\"spectra-image-gallery__media-thumbnail spectra-image-gallery__media-thumbnail--grid\" src=\"http:\/\/mh-bauunternehmen.de\/wp-content\/uploads\/2023\/06\/befestigungstechnik-300x207.jpg\" alt=\"Sachkundenachweis &quot;Befestigungstechnik&quot; der Handwerkskammer der Pfalz\" loading=\"lazy\" \/>\n\t\t\t\t<\/picture>\n\t\t\t\t<div class=\"spectra-image-gallery__media-thumbnail-blurrer\"><\/div>\n\t\t\t\t\t\t\t\t\t\t\t<div class=\"spectra-image-gallery__media-thumbnail-caption-wrapper spectra-image-gallery__media-thumbnail-caption-wrapper--overlay\">\n\t\t\t\t\t\t\t\t\t\t\t<div class=\"spectra-image-gallery__media-thumbnail-caption spectra-image-gallery__media-thumbnail-caption--overlay\">\n\t\t\t\t\tSachkundenachweis &#8222;Befestigungstechnik&#8220; der Handwerkskammer der Pfalz\t\t\t\t<\/div>\n\t\t\t\t\t\t\t\t\t\t<\/div>\n\t\t\t\t\t\t\t\t\t<\/div>\n\t\t\t\t\t\t<\/div>\n\t\t\t\t\t\t<div class='spectra-image-gallery__media-wrapper' data-spectra-gallery-image-id='347'>\n\t\t\t\t\t\t\t<div class=\"spectra-image-gallery__media spectra-image-gallery__media--grid\">\n\t\t\t\t<picture>\n\t\t\t\t\t<source media=\"(min-width: 1024px)\" srcset=\"http:\/\/mh-bauunternehmen.de\/wp-content\/uploads\/2023\/06\/befestigungstechni2k-150x150.png\">\n\t\t\t\t\t<source media=\"(min-width: 768px)\" srcset=\"http:\/\/mh-bauunternehmen.de\/wp-content\/uploads\/2023\/06\/befestigungstechni2k-1024x747.png\">\n\t\t\t\t\t<img decoding=\"async\" class=\"spectra-image-gallery__media-thumbnail spectra-image-gallery__media-thumbnail--grid\" src=\"http:\/\/mh-bauunternehmen.de\/wp-content\/uploads\/2023\/06\/befestigungstechni2k-300x219.png\" alt=\"Fachstufen des Sachkundenachweises &quot;Befestigungstechnik&quot;\" loading=\"lazy\" \/>\n\t\t\t\t<\/picture>\n\t\t\t\t<div class=\"spectra-image-gallery__media-thumbnail-blurrer\"><\/div>\n\t\t\t\t\t\t\t\t\t\t\t<div class=\"spectra-image-gallery__media-thumbnail-caption-wrapper spectra-image-gallery__media-thumbnail-caption-wrapper--overlay\">\n\t\t\t\t\t\t\t\t\t\t\t<div class=\"spectra-image-gallery__media-thumbnail-caption spectra-image-gallery__media-thumbnail-caption--overlay\">\n\t\t\t\t\tFachstufen des Sachkundenachweises &#8222;Befestigungstechnik&#8220;\t\t\t\t<\/div>\n\t\t\t\t\t\t\t\t\t\t<\/div>\n\t\t\t\t\t\t\t\t\t<\/div>\n\t\t\t\t\t\t<\/div>\n\t\t\t\t\t\t<div class='spectra-image-gallery__media-wrapper' data-spectra-gallery-image-id='348'>\n\t\t\t\t\t\t\t<div class=\"spectra-image-gallery__media spectra-image-gallery__media--grid\">\n\t\t\t\t<picture>\n\t\t\t\t\t<source media=\"(min-width: 1024px)\" srcset=\"http:\/\/mh-bauunternehmen.de\/wp-content\/uploads\/2023\/06\/kfw1-150x150.png\">\n\t\t\t\t\t<source media=\"(min-width: 768px)\" srcset=\"http:\/\/mh-bauunternehmen.de\/wp-content\/uploads\/2023\/06\/kfw1.png\">\n\t\t\t\t\t<img decoding=\"async\" class=\"spectra-image-gallery__media-thumbnail spectra-image-gallery__media-thumbnail--grid\" src=\"http:\/\/mh-bauunternehmen.de\/wp-content\/uploads\/2023\/06\/kfw1-249x300.png\" alt=\"Weiterbildungsbest\u00e4tigung &quot;Energieeffizient Bauen und Sanieren&quot;\" loading=\"lazy\" \/>\n\t\t\t\t<\/picture>\n\t\t\t\t<div class=\"spectra-image-gallery__media-thumbnail-blurrer\"><\/div>\n\t\t\t\t\t\t\t\t\t\t\t<div class=\"spectra-image-gallery__media-thumbnail-caption-wrapper spectra-image-gallery__media-thumbnail-caption-wrapper--overlay\">\n\t\t\t\t\t\t\t\t\t\t\t<div class=\"spectra-image-gallery__media-thumbnail-caption spectra-image-gallery__media-thumbnail-caption--overlay\">\n\t\t\t\t\tWeiterbildungsbest\u00e4tigung &#8222;Energieeffizient Bauen und Sanieren&#8220;\t\t\t\t<\/div>\n\t\t\t\t\t\t\t\t\t\t<\/div>\n\t\t\t\t\t\t\t\t\t<\/div>\n\t\t\t\t\t\t<\/div>\n\t\t\t\t\t\t<div class='spectra-image-gallery__media-wrapper' data-spectra-gallery-image-id='349'>\n\t\t\t\t\t\t\t<div class=\"spectra-image-gallery__media spectra-image-gallery__media--grid\">\n\t\t\t\t<picture>\n\t\t\t\t\t<source media=\"(min-width: 1024px)\" srcset=\"http:\/\/mh-bauunternehmen.de\/wp-content\/uploads\/2023\/06\/kfw2-150x150.png\">\n\t\t\t\t\t<source media=\"(min-width: 768px)\" srcset=\"http:\/\/mh-bauunternehmen.de\/wp-content\/uploads\/2023\/06\/kfw2.png\">\n\t\t\t\t\t<img decoding=\"async\" class=\"spectra-image-gallery__media-thumbnail spectra-image-gallery__media-thumbnail--grid\" src=\"http:\/\/mh-bauunternehmen.de\/wp-content\/uploads\/2023\/06\/kfw2-251x300.png\" alt=\"Weiterbildungsbest\u00e4tigung &quot;Sicher investieren, nachhaltig profitieren - Energieeffizienz und Umweltschutz in Unternehmen&quot;\" loading=\"lazy\" \/>\n\t\t\t\t<\/picture>\n\t\t\t\t<div class=\"spectra-image-gallery__media-thumbnail-blurrer\"><\/div>\n\t\t\t\t\t\t\t\t\t\t\t<div class=\"spectra-image-gallery__media-thumbnail-caption-wrapper spectra-image-gallery__media-thumbnail-caption-wrapper--overlay\">\n\t\t\t\t\t\t\t\t\t\t\t<div class=\"spectra-image-gallery__media-thumbnail-caption spectra-image-gallery__media-thumbnail-caption--overlay\">\n\t\t\t\t\tWeiterbildungsbest\u00e4tigung &#8222;Sicher investieren, nachhaltig profitieren &#8211; Energieeffizienz und Umweltschutz in Unternehmen&#8220;\t\t\t\t<\/div>\n\t\t\t\t\t\t\t\t\t\t<\/div>\n\t\t\t\t\t\t\t\t\t<\/div>\n\t\t\t\t\t\t<\/div>\n\t\t\t\t\t\t<div class='spectra-image-gallery__media-wrapper' data-spectra-gallery-image-id='350'>\n\t\t\t\t\t\t\t<div class=\"spectra-image-gallery__media spectra-image-gallery__media--grid\">\n\t\t\t\t<picture>\n\t\t\t\t\t<source media=\"(min-width: 1024px)\" srcset=\"http:\/\/mh-bauunternehmen.de\/wp-content\/uploads\/2023\/06\/weber-150x150.png\">\n\t\t\t\t\t<source media=\"(min-width: 768px)\" srcset=\"http:\/\/mh-bauunternehmen.de\/wp-content\/uploads\/2023\/06\/weber.png\">\n\t\t\t\t\t<img decoding=\"async\" class=\"spectra-image-gallery__media-thumbnail spectra-image-gallery__media-thumbnail--grid\" src=\"http:\/\/mh-bauunternehmen.de\/wp-content\/uploads\/2023\/06\/weber-211x300.png\" alt=\"Beratungszertifikat f\u00fcr Weber Baustoffe\" loading=\"lazy\" \/>\n\t\t\t\t<\/picture>\n\t\t\t\t<div class=\"spectra-image-gallery__media-thumbnail-blurrer\"><\/div>\n\t\t\t\t\t\t\t\t\t\t\t<div class=\"spectra-image-gallery__media-thumbnail-caption-wrapper spectra-image-gallery__media-thumbnail-caption-wrapper--overlay\">\n\t\t\t\t\t\t\t\t\t\t\t<div class=\"spectra-image-gallery__media-thumbnail-caption spectra-image-gallery__media-thumbnail-caption--overlay\">\n\t\t\t\t\tBeratungszertifikat f\u00fcr Weber Baustoffe\t\t\t\t<\/div>\n\t\t\t\t\t\t\t\t\t\t<\/div>\n\t\t\t\t\t\t\t\t\t<\/div>\n\t\t\t\t\t\t<\/div>\n\t\t\t\t\t\t\t\t\t\t<\/div>\n\t\t\t\t\t\t\t\t\t\t\t\t\t\t\t\t\t\t<\/div>\n\t\t\t\t\t\t\t\t\t<\/div>\n\n\n\n<div class=\"wp-block-uagb-container uagb-block-276c6395 alignfull uagb-is-root-container\"><div class=\"uagb-container-inner-blocks-wrap\"><\/div><\/div>\n\n\n\n<p><\/p>\n","protected":false},"excerpt":{"rendered":"<p>Unsere Expertise schwarz auf wei\u00df Bei uns liegt ihr Auftrag in fachm\u00e4nnischen H\u00e4nden.<\/p>\n","protected":false},"author":1,"featured_media":0,"parent":0,"menu_order":0,"comment_status":"closed","ping_status":"closed","template":"","meta":{"_uag_custom_page_level_css":"","site-sidebar-layout":"default","site-content-layout":"default","ast-global-header-display":"","ast-banner-title-visibility":"","ast-main-header-display":"","ast-hfb-above-header-display":"","ast-hfb-below-header-display":"","ast-hfb-mobile-header-display":"","site-post-title":"disabled","ast-breadcrumbs-content":"","ast-featured-img":"","footer-sml-layout":"","theme-transparent-header-meta":"","adv-header-id-meta":"","stick-header-meta":"","header-above-stick-meta":"","header-main-stick-meta":"","header-below-stick-meta":""},"uagb_featured_image_src":{"full":false,"thumbnail":false,"medium":false,"medium_large":false,"large":false,"1536x1536":false,"2048x2048":false},"uagb_author_info":{"display_name":"admin","author_link":"https:\/\/mh-bauunternehmen.de\/?author=1"},"uagb_comment_info":0,"uagb_excerpt":"Unsere Expertise schwarz auf wei\u00df Bei uns liegt ihr Auftrag in fachm\u00e4nnischen H\u00e4nden.","_links":{"self":[{"href":"https:\/\/mh-bauunternehmen.de\/index.php?rest_route=\/wp\/v2\/pages\/186"}],"collection":[{"href":"https:\/\/mh-bauunternehmen.de\/index.php?rest_route=\/wp\/v2\/pages"}],"about":[{"href":"https:\/\/mh-bauunternehmen.de\/index.php?rest_route=\/wp\/v2\/types\/page"}],"author":[{"embeddable":true,"href":"https:\/\/mh-bauunternehmen.de\/index.php?rest_route=\/wp\/v2\/users\/1"}],"replies":[{"embeddable":true,"href":"https:\/\/mh-bauunternehmen.de\/index.php?rest_route=%2Fwp%2Fv2%2Fcomments&post=186"}],"version-history":[{"count":13,"href":"https:\/\/mh-bauunternehmen.de\/index.php?rest_route=\/wp\/v2\/pages\/186\/revisions"}],"predecessor-version":[{"id":414,"href":"https:\/\/mh-bauunternehmen.de\/index.php?rest_route=\/wp\/v2\/pages\/186\/revisions\/414"}],"wp:attachment":[{"href":"https:\/\/mh-bauunternehmen.de\/index.php?rest_route=%2Fwp%2Fv2%2Fmedia&parent=186"}],"curies":[{"name":"wp","href":"https:\/\/api.w.org\/{rel}","templated":true}]}}